{"id":74,"date":"2015-11-17T08:01:40","date_gmt":"2015-11-17T08:01:40","guid":{"rendered":"http:\/\/bjeldskovgaard.feriehus-silkeborg.dk\/?page_id=2"},"modified":"2022-02-20T15:13:19","modified_gmt":"2022-02-20T15:13:19","slug":"eksempel-side","status":"publish","type":"page","link":"https:\/\/feriehus-silkeborg.dk\/?page_id=74","title":{"rendered":"Bj\u00e6ldskovg\u00e5rd"},"content":{"rendered":"<p><span style=\"color: #000000; font-family: 'Vollkorn'; font-size: 18px; font-style: italic;\">10 km vest for Silkeborg t\u00e6t ved den smukke B\u00f8llings\u00f8 ligger dette nyrenoverede feriehus. P\u00e5 g\u00e5rdens tidligere jorder i Bj\u00e6ldskovdal, fandt man i 1950 ved t\u00f8rvegravning det verdensber\u00f8mte moselig, Tollundmanden.<\/span><\/p>\n<p><span style=\"color: #fdeda3; font-family: 'Vollkorn'; font-size: 18px; font-style: italic;\">\u00a0<\/span><\/p>\n<p><a href=\"https:\/\/feriehus-silkeborg.dk\/wp-content\/uploads\/2018\/06\/57783ee106-hus3.jpg\"><img loading=\"lazy\" decoding=\"async\" class=\"alignnone wp-image-115 size-full\" src=\"https:\/\/feriehus-silkeborg.dk\/wp-content\/uploads\/2018\/06\/57783ee106-hus3.jpg\" alt=\"\" width=\"1000\" height=\"375\" srcset=\"https:\/\/feriehus-silkeborg.dk\/wp-content\/uploads\/2018\/06\/57783ee106-hus3.jpg 1000w, https:\/\/feriehus-silkeborg.dk\/wp-content\/uploads\/2018\/06\/57783ee106-hus3-300x113.jpg 300w, https:\/\/feriehus-silkeborg.dk\/wp-content\/uploads\/2018\/06\/57783ee106-hus3-768x288.jpg 768w\" sizes=\"auto, (max-width: 767px) 89vw, (max-width: 1000px) 54vw, (max-width: 1071px) 543px, 580px\" \/><\/a><\/p>\n<p><span class=\" mobile-undersized-upper\">T\u00e6t ved B\u00f8llings\u00f8 ligger dette hyggelige hus, med udsigt over marker med k\u00f8er eller r\u00e5dyr. To v\u00e6relser med dobbeltseng i det ene og 2 enkeltsenge i det andet. Stue med br\u00e6ndeovn, k\u00f8kken i forbindelse med stuen med vaskemaskine og opvaskemaskine. K\u00f8leskab og fryser. Gratis adgang til tr\u00e5dl\u00f8st internet (WI-FI) og TV med DVD-afspiller. Huset ligger selvst\u00e6ndigt og er p\u00e5 60 m2 i et plan. <\/span><\/p>\n<p><span class=\" mobile-undersized-upper\">1. sal bruges ikke n\u00e5r du har lejet huset.<\/span><\/p>\n","protected":false},"excerpt":{"rendered":"<p>10 km vest for Silkeborg t\u00e6t ved den smukke B\u00f8llings\u00f8 ligger dette nyrenoverede feriehus. P\u00e5 g\u00e5rdens tidligere jorder i Bj\u00e6ldskovdal, fandt man i 1950 ved t\u00f8rvegravning det verdensber\u00f8mte moselig, Tollundmanden. \u00a0 T\u00e6t ved B\u00f8llings\u00f8 ligger dette hyggelige hus, med udsigt over marker med k\u00f8er eller r\u00e5dyr. To v\u00e6relser med dobbeltseng i det ene og 2 &hellip; <\/p>\n<p class=\"link-more\"><a href=\"https:\/\/feriehus-silkeborg.dk\/?page_id=74\" class=\"more-link\">L\u00e6s videre<span class=\"screen-reader-text\"> &#8220;Bj\u00e6ldskovg\u00e5rd&#8221;<\/span><\/a><\/p>\n","protected":false},"author":1,"featured_media":0,"parent":0,"menu_order":0,"comment_status":"closed","ping_status":"open","template":"","meta":{"footnotes":""},"class_list":["post-74","page","type-page","status-publish","hentry"],"_links":{"self":[{"href":"https:\/\/feriehus-silkeborg.dk\/index.php?rest_route=\/wp\/v2\/pages\/74","targetHints":{"allow":["GET"]}}],"collection":[{"href":"https:\/\/feriehus-silkeborg.dk\/index.php?rest_route=\/wp\/v2\/pages"}],"about":[{"href":"https:\/\/feriehus-silkeborg.dk\/index.php?rest_route=\/wp\/v2\/types\/page"}],"author":[{"embeddable":true,"href":"https:\/\/feriehus-silkeborg.dk\/index.php?rest_route=\/wp\/v2\/users\/1"}],"replies":[{"embeddable":true,"href":"https:\/\/feriehus-silkeborg.dk\/index.php?rest_route=%2Fwp%2Fv2%2Fcomments&post=74"}],"version-history":[{"count":6,"href":"https:\/\/feriehus-silkeborg.dk\/index.php?rest_route=\/wp\/v2\/pages\/74\/revisions"}],"predecessor-version":[{"id":126,"href":"https:\/\/feriehus-silkeborg.dk\/index.php?rest_route=\/wp\/v2\/pages\/74\/revisions\/126"}],"wp:attachment":[{"href":"https:\/\/feriehus-silkeborg.dk\/index.php?rest_route=%2Fwp%2Fv2%2Fmedia&parent=74"}],"curies":[{"name":"wp","href":"https:\/\/api.w.org\/{rel}","templated":true}]}}