{"id":31,"date":"2017-01-21T11:32:01","date_gmt":"2017-01-21T11:32:01","guid":{"rendered":"http:\/\/bjeldskovgaard.feriehus-silkeborg.dk\/?page_id=31"},"modified":"2025-06-11T10:26:09","modified_gmt":"2025-06-11T10:26:09","slug":"kontakt","status":"publish","type":"page","link":"https:\/\/feriehus-silkeborg.dk\/?page_id=31","title":{"rendered":"Kontakt og priser"},"content":{"rendered":"<p>Information om leje af huset<br \/>\nPriser for ophold i stueetagen i huset med stue, k\u00f8kken, bad og 2 v\u00e6relser for Max. 4 personer<br \/>\n<span style=\"font-size: 1rem;\">Pris pr. nat 900 kr (min. 2 n\u00e6tter)<\/span><\/p>\n<p>Hvis du vil leje huset:\u00a0\u00a0<a href=\"https:\/\/www.booking.com\/hotel\/dk\/bja-ldskovgaard-holiday-house.da.html?aid=376380;label=bdot-imJxdGxidaGDcRggOakZRAS502769144288%3Apl%3Ata%3Ap1%3Ap22.563.000%3Aac%3Aap%3Aneg%3Afi%3Atikwd-298344362399%3Alp1005014%3Ali%3Adec%3Adm%3Appccp%3DUmFuZG9tSVYkc2RlIyh9Ye8F2ouj63yth06fzasdAA8;sid=f4c3c0bac2fc24a2059e5e9fdcca6081;dest_id=622473;dest_type=hotel;dist=0;group_adults=2;group_children=0;hapos=1;hpos=1;no_rooms=1;req_adults=2;req_children=0;room1=A%2CA;sb_price_type=total;sr_order=popularity;srepoch=1645369432;srpvid=238269ebf3c40118;type=total;ucfs=1&amp;#hotelTmpl\">www.booking.com<\/a><\/p>\n<p>Send evt.\u00a0 en mail til bh@webvin.dk<br \/>\neller send en SMS\u00a0 eller ring til +45 61261551 +4561705700<\/p>\n","protected":false},"excerpt":{"rendered":"<p>Information om leje af huset Priser for ophold i stueetagen i huset med stue, k\u00f8kken, bad og 2 v\u00e6relser for Max. 4 personer Pris pr. nat 900 kr (min. 2 n\u00e6tter) Hvis du vil leje huset:\u00a0\u00a0www.booking.com Send evt.\u00a0 en mail til bh@webvin.dk eller send en SMS\u00a0 eller ring til +45 61261551 +4561705700<\/p>\n","protected":false},"author":1,"featured_media":0,"parent":74,"menu_order":0,"comment_status":"closed","ping_status":"closed","template":"","meta":{"footnotes":""},"class_list":["post-31","page","type-page","status-publish","hentry"],"_links":{"self":[{"href":"https:\/\/feriehus-silkeborg.dk\/index.php?rest_route=\/wp\/v2\/pages\/31","targetHints":{"allow":["GET"]}}],"collection":[{"href":"https:\/\/feriehus-silkeborg.dk\/index.php?rest_route=\/wp\/v2\/pages"}],"about":[{"href":"https:\/\/feriehus-silkeborg.dk\/index.php?rest_route=\/wp\/v2\/types\/page"}],"author":[{"embeddable":true,"href":"https:\/\/feriehus-silkeborg.dk\/index.php?rest_route=\/wp\/v2\/users\/1"}],"replies":[{"embeddable":true,"href":"https:\/\/feriehus-silkeborg.dk\/index.php?rest_route=%2Fwp%2Fv2%2Fcomments&post=31"}],"version-history":[{"count":5,"href":"https:\/\/feriehus-silkeborg.dk\/index.php?rest_route=\/wp\/v2\/pages\/31\/revisions"}],"predecessor-version":[{"id":129,"href":"https:\/\/feriehus-silkeborg.dk\/index.php?rest_route=\/wp\/v2\/pages\/31\/revisions\/129"}],"up":[{"embeddable":true,"href":"https:\/\/feriehus-silkeborg.dk\/index.php?rest_route=\/wp\/v2\/pages\/74"}],"wp:attachment":[{"href":"https:\/\/feriehus-silkeborg.dk\/index.php?rest_route=%2Fwp%2Fv2%2Fmedia&parent=31"}],"curies":[{"name":"wp","href":"https:\/\/api.w.org\/{rel}","templated":true}]}}