{"id":29,"date":"2017-01-21T11:31:50","date_gmt":"2017-01-21T11:31:50","guid":{"rendered":"http:\/\/bjeldskovgaard.feriehus-silkeborg.dk\/?page_id=29"},"modified":"2022-02-20T14:59:14","modified_gmt":"2022-02-20T14:59:14","slug":"aktiviteter-i-omraadet","status":"publish","type":"page","link":"https:\/\/feriehus-silkeborg.dk\/?page_id=29","title":{"rendered":"Aktiviteter i omr\u00e5det"},"content":{"rendered":"<div class=\"col\">\n<div class=\"component \">\n<div class=\"self mobile-leaf mobile-forcehide text textnormal mobile-undersized-upper\">\n<ul>\n<li data-index=\"0\" data-length=\"12\"><a class=\"textlink link\" href=\"http:\/\/www.silkeborg.com\/\"><u><span style=\"color: #0066cc;\">Silkeborg <\/span><\/u><\/a><\/li>\n<li data-index=\"12\" data-length=\"14\">Elling Gr\u00f8nt<\/li>\n<li data-index=\"26\" data-length=\"15\"><a href=\"http:\/\/www.vinimportoren.dk\">Vinimport\u00f8ren<\/a><\/li>\n<li data-index=\"41\" data-length=\"12\">Ellinglund<\/li>\n<li data-index=\"53\" data-length=\"13\">Rema1000 Funder<\/li>\n<\/ul>\n<\/div>\n<\/div>\n<\/div>\n<div class=\"col\">\n<div class=\"component \">\n<div class=\"self mobile-leaf text textnormal mobile-undersized-upper\">\n<ul>\n<li data-index=\"0\" data-length=\"22\">Tollundg\u00e5rd Golf Park<\/li>\n<li data-index=\"45\" data-length=\"24\">Bj\u00e6ldskovg\u00e5rd Feriehus<\/li>\n<\/ul>\n<\/div>\n<\/div>\n<\/div>\n<div class=\"col\">\n<div class=\"component \">\n<div class=\"self mobile-leaf text textnormal mobile-undersized-upper\">\n<ul>\n<li data-index=\"0\" data-length=\"11\">B\u00f8llings\u00f8<\/li>\n<li data-index=\"11\" data-length=\"15\">Tollundmanden<\/li>\n<li data-index=\"26\" data-length=\"21\">Klosterlund Museeum<\/li>\n<\/ul>\n<\/div>\n<\/div>\n<\/div>\n<div class=\"col\">\n<div class=\"component \">\n<div class=\"self mobile-leaf text textnormal mobile-undersized-upper\">\n<ul>\n<li data-index=\"0\" data-length=\"31\">Funder Kirkeby forsamlingshus<\/li>\n<li data-index=\"31\" data-length=\"22\">Tollundg\u00e5rd Golfklub<\/li>\n<li data-index=\"53\" data-length=\"11\">Funder GF<\/li>\n<li data-index=\"64\" data-length=\"13\">Cafe Funder<\/li>\n<\/ul>\n<\/div>\n<\/div>\n<\/div>\n","protected":false},"excerpt":{"rendered":"<p>Silkeborg Elling Gr\u00f8nt Vinimport\u00f8ren Ellinglund Rema1000 Funder Tollundg\u00e5rd Golf Park Bj\u00e6ldskovg\u00e5rd Feriehus B\u00f8llings\u00f8 Tollundmanden Klosterlund Museeum Funder Kirkeby forsamlingshus Tollundg\u00e5rd Golfklub Funder GF Cafe Funder<\/p>\n","protected":false},"author":1,"featured_media":0,"parent":0,"menu_order":0,"comment_status":"closed","ping_status":"closed","template":"","meta":{"footnotes":""},"class_list":["post-29","page","type-page","status-publish","hentry"],"_links":{"self":[{"href":"https:\/\/feriehus-silkeborg.dk\/index.php?rest_route=\/wp\/v2\/pages\/29","targetHints":{"allow":["GET"]}}],"collection":[{"href":"https:\/\/feriehus-silkeborg.dk\/index.php?rest_route=\/wp\/v2\/pages"}],"about":[{"href":"https:\/\/feriehus-silkeborg.dk\/index.php?rest_route=\/wp\/v2\/types\/page"}],"author":[{"embeddable":true,"href":"https:\/\/feriehus-silkeborg.dk\/index.php?rest_route=\/wp\/v2\/users\/1"}],"replies":[{"embeddable":true,"href":"https:\/\/feriehus-silkeborg.dk\/index.php?rest_route=%2Fwp%2Fv2%2Fcomments&post=29"}],"version-history":[{"count":3,"href":"https:\/\/feriehus-silkeborg.dk\/index.php?rest_route=\/wp\/v2\/pages\/29\/revisions"}],"predecessor-version":[{"id":120,"href":"https:\/\/feriehus-silkeborg.dk\/index.php?rest_route=\/wp\/v2\/pages\/29\/revisions\/120"}],"wp:attachment":[{"href":"https:\/\/feriehus-silkeborg.dk\/index.php?rest_route=%2Fwp%2Fv2%2Fmedia&parent=29"}],"curies":[{"name":"wp","href":"https:\/\/api.w.org\/{rel}","templated":true}]}}