{"id":22,"date":"2016-02-10T15:18:38","date_gmt":"2016-02-10T15:18:38","guid":{"rendered":"http:\/\/bjeldskovgaard.feriehus-silkeborg.dk\/?page_id=22"},"modified":"2022-02-20T15:15:19","modified_gmt":"2022-02-20T15:15:19","slug":"husets-indretning","status":"publish","type":"page","link":"https:\/\/feriehus-silkeborg.dk\/?page_id=22","title":{"rendered":"Husets indretning"},"content":{"rendered":"<p><span style=\"color: #000000; font-family: 'Vollkorn'; font-size: 18px; font-style: italic;\">Smuk udsigt over mark og skov<\/span><\/p>\n<p>I stuen findes spisebord, sofagruppe, br\u00e6ndeovn, tv med cd afspiller<\/p>\n<figure id=\"attachment_104\" aria-describedby=\"caption-attachment-104\" style=\"width: 1000px\" class=\"wp-caption alignnone\"><a href=\"https:\/\/feriehus-silkeborg.dk\/wp-content\/uploads\/2016\/02\/3302e19a75-sofa.jpg\"><img loading=\"lazy\" decoding=\"async\" class=\"wp-image-104 size-full\" src=\"https:\/\/feriehus-silkeborg.dk\/wp-content\/uploads\/2016\/02\/3302e19a75-sofa.jpg\" alt=\"\" width=\"1000\" height=\"564\" srcset=\"https:\/\/feriehus-silkeborg.dk\/wp-content\/uploads\/2016\/02\/3302e19a75-sofa.jpg 1000w, https:\/\/feriehus-silkeborg.dk\/wp-content\/uploads\/2016\/02\/3302e19a75-sofa-300x169.jpg 300w, https:\/\/feriehus-silkeborg.dk\/wp-content\/uploads\/2016\/02\/3302e19a75-sofa-768x433.jpg 768w\" sizes=\"auto, (max-width: 767px) 89vw, (max-width: 1000px) 54vw, (max-width: 1071px) 543px, 580px\" \/><\/a><figcaption id=\"caption-attachment-104\" class=\"wp-caption-text\">Stue<\/figcaption><\/figure>\n<div>\n<p><span class=\"textheading3 mobile-oversized\"><em>Komplet k\u00f8kken<\/em><br \/>\n<\/span>K\u00f8kkenet er komplet udstyret med alle redskaber, gryder, komfur med ovn, k\u00f8le\/fryseskab, vaskemaskine og opvaskemaskine<\/p>\n<p><a href=\"https:\/\/feriehus-silkeborg.dk\/wp-content\/uploads\/2016\/02\/f2f3514f7d-kok.jpg\"><img loading=\"lazy\" decoding=\"async\" class=\"alignnone wp-image-105 size-full\" src=\"https:\/\/feriehus-silkeborg.dk\/wp-content\/uploads\/2016\/02\/f2f3514f7d-kok.jpg\" alt=\"\" width=\"730\" height=\"411\" srcset=\"https:\/\/feriehus-silkeborg.dk\/wp-content\/uploads\/2016\/02\/f2f3514f7d-kok.jpg 730w, https:\/\/feriehus-silkeborg.dk\/wp-content\/uploads\/2016\/02\/f2f3514f7d-kok-300x169.jpg 300w\" sizes=\"auto, (max-width: 730px) 100vw, 730px\" \/><\/a><\/p>\n<\/div>\n<div class=\"col\">\n<div class=\"extra\">\n<div class=\"component \">\n<div class=\"self mobile-leaf text textnormal mobile-undersized-upper\">\n<p>Der findes de mest almindelige krydderier, kaffe, olivenolie, vaskepulver og opvaske tabletter.<\/p>\n<div>\n<p>Der er gulvvarme i hele huset, der er gratis br\u00e6nde til br\u00e6ndeovnen. Om sommeren er der grill, og udend\u00f8rsm\u00f8bler til r\u00e5dighed.<\/p>\n<p>I r\u00e5der over hele stueetagen, n\u00e5r I bestiller. Der er soveplads til fra 1-4 personer. 1.sal bruges ikke mens I har lejet huset.<\/p>\n<p>To sm\u00e5 v\u00e6relser med 2 senge i hvert. Alt 4 senge i huset.<\/p>\n<p>Lille badev\u00e6relse med h\u00e5ndvask, toilet og brusekabine<\/p>\n<\/div>\n<\/div>\n<\/div>\n<\/div>\n<\/div>\n","protected":false},"excerpt":{"rendered":"<p>Smuk udsigt over mark og skov I stuen findes spisebord, sofagruppe, br\u00e6ndeovn, tv med cd afspiller Komplet k\u00f8kken K\u00f8kkenet er komplet udstyret med alle redskaber, gryder, komfur med ovn, k\u00f8le\/fryseskab, vaskemaskine og opvaskemaskine Der findes de mest almindelige krydderier, kaffe, olivenolie, vaskepulver og opvaske tabletter. Der er gulvvarme i hele huset, der er gratis br\u00e6nde &hellip; <\/p>\n<p class=\"link-more\"><a href=\"https:\/\/feriehus-silkeborg.dk\/?page_id=22\" class=\"more-link\">L\u00e6s videre<span class=\"screen-reader-text\"> &#8220;Husets indretning&#8221;<\/span><\/a><\/p>\n","protected":false},"author":1,"featured_media":0,"parent":0,"menu_order":0,"comment_status":"closed","ping_status":"closed","template":"","meta":{"footnotes":""},"class_list":["post-22","page","type-page","status-publish","hentry"],"_links":{"self":[{"href":"https:\/\/feriehus-silkeborg.dk\/index.php?rest_route=\/wp\/v2\/pages\/22","targetHints":{"allow":["GET"]}}],"collection":[{"href":"https:\/\/feriehus-silkeborg.dk\/index.php?rest_route=\/wp\/v2\/pages"}],"about":[{"href":"https:\/\/feriehus-silkeborg.dk\/index.php?rest_route=\/wp\/v2\/types\/page"}],"author":[{"embeddable":true,"href":"https:\/\/feriehus-silkeborg.dk\/index.php?rest_route=\/wp\/v2\/users\/1"}],"replies":[{"embeddable":true,"href":"https:\/\/feriehus-silkeborg.dk\/index.php?rest_route=%2Fwp%2Fv2%2Fcomments&post=22"}],"version-history":[{"count":3,"href":"https:\/\/feriehus-silkeborg.dk\/index.php?rest_route=\/wp\/v2\/pages\/22\/revisions"}],"predecessor-version":[{"id":127,"href":"https:\/\/feriehus-silkeborg.dk\/index.php?rest_route=\/wp\/v2\/pages\/22\/revisions\/127"}],"wp:attachment":[{"href":"https:\/\/feriehus-silkeborg.dk\/index.php?rest_route=%2Fwp%2Fv2%2Fmedia&parent=22"}],"curies":[{"name":"wp","href":"https:\/\/api.w.org\/{rel}","templated":true}]}}