{"id":2,"date":"2017-01-23T10:11:25","date_gmt":"2017-01-23T10:11:25","guid":{"rendered":"http:\/\/feriehus-silkeborg.dk\/?page_id=2"},"modified":"2017-01-28T14:20:34","modified_gmt":"2017-01-28T14:20:34","slug":"about","status":"publish","type":"page","link":"https:\/\/feriehus-silkeborg.dk\/","title":{"rendered":"Om huset"},"content":{"rendered":"<p><em>10 km vest for Silkeborg t\u00e6t ved den smukke B\u00f8llings\u00f8 ligger dette nyrenoverede feriehus. P\u00e5 g\u00e5rdens tidligere jorder i Bj\u00e6ldskovdal, fandt man i 1950 ved t\u00f8rvegravning det verdensber\u00f8mte moselig, Tollundmanden.<\/em><\/p>\n","protected":false},"excerpt":{"rendered":"<p>10 km vest for Silkeborg t\u00e6t ved den smukke B\u00f8llings\u00f8 ligger dette nyrenoverede feriehus. P\u00e5 g\u00e5rdens tidligere jorder i Bj\u00e6ldskovdal, fandt man i 1950 ved t\u00f8rvegravning det verdensber\u00f8mte moselig, Tollundmanden.<\/p>\n","protected":false},"author":1,"featured_media":0,"parent":0,"menu_order":0,"comment_status":"open","ping_status":"open","template":"","meta":{"footnotes":""},"class_list":["post-2","page","type-page","status-publish","hentry"],"_links":{"self":[{"href":"https:\/\/feriehus-silkeborg.dk\/index.php?rest_route=\/wp\/v2\/pages\/2","targetHints":{"allow":["GET"]}}],"collection":[{"href":"https:\/\/feriehus-silkeborg.dk\/index.php?rest_route=\/wp\/v2\/pages"}],"about":[{"href":"https:\/\/feriehus-silkeborg.dk\/index.php?rest_route=\/wp\/v2\/types\/page"}],"author":[{"embeddable":true,"href":"https:\/\/feriehus-silkeborg.dk\/index.php?rest_route=\/wp\/v2\/users\/1"}],"replies":[{"embeddable":true,"href":"https:\/\/feriehus-silkeborg.dk\/index.php?rest_route=%2Fwp%2Fv2%2Fcomments&post=2"}],"version-history":[{"count":3,"href":"https:\/\/feriehus-silkeborg.dk\/index.php?rest_route=\/wp\/v2\/pages\/2\/revisions"}],"predecessor-version":[{"id":94,"href":"https:\/\/feriehus-silkeborg.dk\/index.php?rest_route=\/wp\/v2\/pages\/2\/revisions\/94"}],"wp:attachment":[{"href":"https:\/\/feriehus-silkeborg.dk\/index.php?rest_route=%2Fwp%2Fv2%2Fmedia&parent=2"}],"curies":[{"name":"wp","href":"https:\/\/api.w.org\/{rel}","templated":true}]}}